{"id":1190,"date":"2023-05-30T12:51:44","date_gmt":"2023-05-30T12:51:44","guid":{"rendered":"https:\/\/relectronic.ca\/?page_id=1190"},"modified":"2023-09-01T14:03:13","modified_gmt":"2023-09-01T14:03:13","slug":"accueil","status":"publish","type":"page","link":"https:\/\/relectronic-remech.com\/en\/","title":{"rendered":"Home"},"content":{"rendered":"","protected":false},"excerpt":{"rendered":"","protected":false},"author":1,"featured_media":0,"parent":0,"menu_order":0,"comment_status":"closed","ping_status":"closed","template":"","meta":{"_acf_changed":false,"inline_featured_image":false,"footnotes":""},"acf":[],"yoast_head":"<!-- This site is optimized with the Yoast SEO plugin v24.5 - https:\/\/yoast.com\/wordpress\/plugins\/seo\/ -->\n<title>Restauration apr\u00e8s-sinistre | RELECTRONIC<\/title>\n<meta name=\"description\" content=\"RELECTRONIC vous offre un service de restauration apr\u00e8s-sinistre pour les \u00e9quipements m\u00e9caniques et \u00e9lectroniques.\" \/>\n<meta name=\"robots\" content=\"index, follow, max-snippet:-1, max-image-preview:large, max-video-preview:-1\" \/>\n<link rel=\"canonical\" href=\"https:\/\/relectronic-remech.com\/en\/\" \/>\n<meta property=\"og:locale\" content=\"en_US\" \/>\n<meta property=\"og:type\" content=\"article\" \/>\n<meta property=\"og:title\" content=\"Restauration apr\u00e8s-sinistre | RELECTRONIC\" \/>\n<meta property=\"og:description\" content=\"RELECTRONIC vous offre un service de restauration apr\u00e8s-sinistre pour les \u00e9quipements m\u00e9caniques et \u00e9lectroniques.\" \/>\n<meta property=\"og:url\" content=\"https:\/\/relectronic-remech.com\/en\/\" \/>\n<meta property=\"og:site_name\" content=\"Relectronic\" \/>\n<meta property=\"article:modified_time\" content=\"2023-09-01T14:03:13+00:00\" \/>\n<meta name=\"twitter:card\" content=\"summary_large_image\" \/>\n<meta name=\"twitter:title\" content=\"Restauration apr\u00e8s-sinistre | RELECTRONIC\" \/>\n<meta name=\"twitter:description\" content=\"RELECTRONIC vous offre un service de restauration apr\u00e8s-sinistre pour les \u00e9quipements m\u00e9caniques et \u00e9lectroniques.\" \/>\n<script type=\"application\/ld+json\" class=\"yoast-schema-graph\">{\"@context\":\"https:\/\/schema.org\",\"@graph\":[{\"@type\":\"WebPage\",\"@id\":\"https:\/\/relectronic-remech.com\/en\/\",\"url\":\"https:\/\/relectronic-remech.com\/en\/\",\"name\":\"Restauration apr\u00e8s-sinistre | RELECTRONIC\",\"isPartOf\":{\"@id\":\"https:\/\/relectronic-remech.com\/#website\"},\"datePublished\":\"2023-05-30T12:51:44+00:00\",\"dateModified\":\"2023-09-01T14:03:13+00:00\",\"description\":\"RELECTRONIC vous offre un service de restauration apr\u00e8s-sinistre pour les \u00e9quipements m\u00e9caniques et \u00e9lectroniques.\",\"breadcrumb\":{\"@id\":\"https:\/\/relectronic-remech.com\/en\/#breadcrumb\"},\"inLanguage\":\"en-US\",\"potentialAction\":[{\"@type\":\"ReadAction\",\"target\":[\"https:\/\/relectronic-remech.com\/en\/\"]}]},{\"@type\":\"BreadcrumbList\",\"@id\":\"https:\/\/relectronic-remech.com\/en\/#breadcrumb\",\"itemListElement\":[{\"@type\":\"ListItem\",\"position\":1,\"name\":\"Accueil\",\"item\":\"https:\/\/relectronic-remech.com\/en\/\"},{\"@type\":\"ListItem\",\"position\":2,\"name\":\"Home\"}]},{\"@type\":\"WebSite\",\"@id\":\"https:\/\/relectronic-remech.com\/#website\",\"url\":\"https:\/\/relectronic-remech.com\/\",\"name\":\"Relectronic\",\"description\":\"Juste un autre site WordPress\",\"publisher\":{\"@id\":\"https:\/\/relectronic-remech.com\/#organization\"},\"potentialAction\":[{\"@type\":\"SearchAction\",\"target\":{\"@type\":\"EntryPoint\",\"urlTemplate\":\"https:\/\/relectronic-remech.com\/?s={search_term_string}\"},\"query-input\":{\"@type\":\"PropertyValueSpecification\",\"valueRequired\":true,\"valueName\":\"search_term_string\"}}],\"inLanguage\":\"en-US\"},{\"@type\":\"Organization\",\"@id\":\"https:\/\/relectronic-remech.com\/#organization\",\"name\":\"Relectronic\",\"url\":\"https:\/\/relectronic-remech.com\/\",\"logo\":{\"@type\":\"ImageObject\",\"inLanguage\":\"en-US\",\"@id\":\"https:\/\/relectronic-remech.com\/#\/schema\/logo\/image\/\",\"url\":\"https:\/\/relectronic.ca\/wp-content\/uploads\/2023\/09\/relectronic-logo-script-eng2-2.png\",\"contentUrl\":\"https:\/\/relectronic.ca\/wp-content\/uploads\/2023\/09\/relectronic-logo-script-eng2-2.png\",\"width\":364,\"height\":69,\"caption\":\"Relectronic\"},\"image\":{\"@id\":\"https:\/\/relectronic-remech.com\/#\/schema\/logo\/image\/\"}}]}<\/script>\n<!-- \/ Yoast SEO plugin. -->","yoast_head_json":{"title":"Restauration apr\u00e8s-sinistre | RELECTRONIC","description":"RELECTRONIC vous offre un service de restauration apr\u00e8s-sinistre pour les \u00e9quipements m\u00e9caniques et \u00e9lectroniques.","robots":{"index":"index","follow":"follow","max-snippet":"max-snippet:-1","max-image-preview":"max-image-preview:large","max-video-preview":"max-video-preview:-1"},"canonical":"https:\/\/relectronic-remech.com\/en\/","og_locale":"en_US","og_type":"article","og_title":"Restauration apr\u00e8s-sinistre | RELECTRONIC","og_description":"RELECTRONIC vous offre un service de restauration apr\u00e8s-sinistre pour les \u00e9quipements m\u00e9caniques et \u00e9lectroniques.","og_url":"https:\/\/relectronic-remech.com\/en\/","og_site_name":"Relectronic","article_modified_time":"2023-09-01T14:03:13+00:00","twitter_card":"summary_large_image","twitter_title":"Restauration apr\u00e8s-sinistre | RELECTRONIC","twitter_description":"RELECTRONIC vous offre un service de restauration apr\u00e8s-sinistre pour les \u00e9quipements m\u00e9caniques et \u00e9lectroniques.","schema":{"@context":"https:\/\/schema.org","@graph":[{"@type":"WebPage","@id":"https:\/\/relectronic-remech.com\/en\/","url":"https:\/\/relectronic-remech.com\/en\/","name":"Restauration apr\u00e8s-sinistre | RELECTRONIC","isPartOf":{"@id":"https:\/\/relectronic-remech.com\/#website"},"datePublished":"2023-05-30T12:51:44+00:00","dateModified":"2023-09-01T14:03:13+00:00","description":"RELECTRONIC vous offre un service de restauration apr\u00e8s-sinistre pour les \u00e9quipements m\u00e9caniques et \u00e9lectroniques.","breadcrumb":{"@id":"https:\/\/relectronic-remech.com\/en\/#breadcrumb"},"inLanguage":"en-US","potentialAction":[{"@type":"ReadAction","target":["https:\/\/relectronic-remech.com\/en\/"]}]},{"@type":"BreadcrumbList","@id":"https:\/\/relectronic-remech.com\/en\/#breadcrumb","itemListElement":[{"@type":"ListItem","position":1,"name":"Accueil","item":"https:\/\/relectronic-remech.com\/en\/"},{"@type":"ListItem","position":2,"name":"Home"}]},{"@type":"WebSite","@id":"https:\/\/relectronic-remech.com\/#website","url":"https:\/\/relectronic-remech.com\/","name":"Relectronic","description":"Juste un autre site WordPress","publisher":{"@id":"https:\/\/relectronic-remech.com\/#organization"},"potentialAction":[{"@type":"SearchAction","target":{"@type":"EntryPoint","urlTemplate":"https:\/\/relectronic-remech.com\/?s={search_term_string}"},"query-input":{"@type":"PropertyValueSpecification","valueRequired":true,"valueName":"search_term_string"}}],"inLanguage":"en-US"},{"@type":"Organization","@id":"https:\/\/relectronic-remech.com\/#organization","name":"Relectronic","url":"https:\/\/relectronic-remech.com\/","logo":{"@type":"ImageObject","inLanguage":"en-US","@id":"https:\/\/relectronic-remech.com\/#\/schema\/logo\/image\/","url":"https:\/\/relectronic.ca\/wp-content\/uploads\/2023\/09\/relectronic-logo-script-eng2-2.png","contentUrl":"https:\/\/relectronic.ca\/wp-content\/uploads\/2023\/09\/relectronic-logo-script-eng2-2.png","width":364,"height":69,"caption":"Relectronic"},"image":{"@id":"https:\/\/relectronic-remech.com\/#\/schema\/logo\/image\/"}}]}},"_links":{"self":[{"href":"https:\/\/relectronic-remech.com\/en\/wp-json\/wp\/v2\/pages\/1190"}],"collection":[{"href":"https:\/\/relectronic-remech.com\/en\/wp-json\/wp\/v2\/pages"}],"about":[{"href":"https:\/\/relectronic-remech.com\/en\/wp-json\/wp\/v2\/types\/page"}],"author":[{"embeddable":true,"href":"https:\/\/relectronic-remech.com\/en\/wp-json\/wp\/v2\/users\/1"}],"replies":[{"embeddable":true,"href":"https:\/\/relectronic-remech.com\/en\/wp-json\/wp\/v2\/comments?post=1190"}],"version-history":[{"count":11,"href":"https:\/\/relectronic-remech.com\/en\/wp-json\/wp\/v2\/pages\/1190\/revisions"}],"predecessor-version":[{"id":1471,"href":"https:\/\/relectronic-remech.com\/en\/wp-json\/wp\/v2\/pages\/1190\/revisions\/1471"}],"wp:attachment":[{"href":"https:\/\/relectronic-remech.com\/en\/wp-json\/wp\/v2\/media?parent=1190"}],"curies":[{"name":"wp","href":"https:\/\/api.w.org\/{rel}","templated":true}]}}