{"id":1208,"date":"2024-05-06T12:31:00","date_gmt":"2024-05-06T12:31:00","guid":{"rendered":"https:\/\/relectronic.ca\/politique-de-confidentialite\/"},"modified":"2024-05-09T15:25:07","modified_gmt":"2024-05-09T15:25:07","slug":"privacy-policy","status":"publish","type":"page","link":"https:\/\/relectronic-remech.com\/en\/privacy-policy\/","title":{"rendered":"WEBSITE PRIVACY POLICY"},"content":{"rendered":"<p><strong>POLITIQUE DE CONFIDENTIALIT\u00c9 DU SITE WEB<\/strong><\/p>\n<p>&nbsp;<\/p>\n<p>Derni\u00e9re mise \u00e0 jour : Janvier 2024<\/p>\n<p>Chez Relectronic-Remech Inc. (\u00ab Relectronic-Remech \u00bb, \u00ab nous \u00bb, \u00ab notre \u00bb ou \u00ab nos \u00bb), nous voulons que vous compreniez quels renseignements personnels nous recueillons, et comment nous les utilisons et les partageons. C&#8217;est pourquoi nous vous encourageons \u00e0 lire notre politique de confidentialit\u00e9 avant d&#8217;utiliser notre site Web.<\/p>\n<ol>\n<li><strong>Qu&#8217;est-ce que la politique de confidentialit\u00e9 et que couvre-t-elle\u00a0?<\/strong><\/li>\n<\/ol>\n<p>Cette politique de confidentialit\u00e9 s&#8217;applique \u00e0 notre site Web \u00e0 <a href=\"https:\/\/relectronic.ca\/fr\/\">https:\/\/relectronic.ca\/fr\/<\/a> (le \u00ab\u00a0<strong>site Web<\/strong>\u00a0\u00bb).<\/p>\n<p>Cette politique de confidentialit\u00e9 ne s&#8217;applique pas \u00e0 la collecte, \u00e0 l&#8217;utilisation et \u00e0 la divulgation des renseignements personnels de nos candidats \u00e0 un emploi, de nos employ\u00e9s et de nos anciens employ\u00e9s. Pour plus d&#8217;informations sur ce sujet, consultez notre Politique de confidentialit\u00e9 des employ\u00e9s [ins\u00e9rer un lien hypertexte vers la Politique de confidentialit\u00e9 des employ\u00e9s].<\/p>\n<p>Si vous cliquez sur des liens vers les sites Web ou les applications de tiers \u00e0 partir de notre site Web, cette politique de confidentialit\u00e9 ne s&#8217;applique pas \u00e0 ces services externes. C&#8217;est toujours une bonne id\u00e9e de lire leurs politiques de confidentialit\u00e9 pour comprendre ce qu&#8217;ils font de vos informations.<\/p>\n<ol>\n<li><strong>Quels renseignements recueillons-nous et pourquoi\u00a0?<\/strong><\/li>\n<\/ol>\n<p>En r\u00e8gle g\u00e9n\u00e9rale, nous recueillons vos renseignements personnels aux fins suivantes :<\/p>\n<table>\n<tbody>\n<tr>\n<td width=\"123\"><strong>Cat\u00e9gorie<\/strong><\/td>\n<td width=\"217\"><strong>Exemples<\/strong><\/td>\n<td width=\"324\"><strong>Buts de la collecte <\/strong><\/td>\n<\/tr>\n<tr>\n<td width=\"123\">Coordonn\u00e9es d&#8217;affaires<\/td>\n<td width=\"217\">Nom complet, entreprise, titre, r\u00f4le, adresse e-mail professionnelle, adresse professionnelle, num\u00e9ro de t\u00e9l\u00e9phone professionnel.<\/td>\n<td width=\"324\">Nous recueillons ces informations lorsque vous nous contactez comme indiqu\u00e9 sur la page \u00ab\u00a0<a href=\"https:\/\/relectronic.ca\/en\/contact-us\/\">Contactez-nous<\/a>\u00a0\u00bb sur notre site Web.<\/p>\n<p>Ces renseignements nous permettent de :<\/p>\n<p>\u00b7\u00a0\u00a0\u00a0\u00a0\u00a0\u00a0\u00a0 Communiquer avec vous au sujet de votre demande\u00a0;<\/p>\n<p>\u00b7\u00a0\u00a0\u00a0\u00a0\u00a0\u00a0\u00a0 Administrer notre relation professionnelle; et<\/p>\n<p>\u00b7\u00a0\u00a0\u00a0\u00a0\u00a0\u00a0\u00a0 Vous envoyez des communications marketing.<\/td>\n<\/tr>\n<tr>\n<td width=\"123\">Renseignements techniques<\/td>\n<td width=\"217\">La date, l&#8217;heure et la dur\u00e9e de vos visites sur notre site Web, les pages consult\u00e9es et les liens cliqu\u00e9s sur notre site Web, vos pr\u00e9f\u00e9rences linguistiques, votre historique de navigation, les pages Web qui vous ont redirig\u00e9 vers notre site Web.<\/td>\n<td width=\"324\">Nous recueillons ces informations \u00e0 l&#8217;aide de cookies et de pixels sur notre site Web, y compris ceux fournis par des tiers de confiance qui les collectent en notre nom.<\/p>\n<p>Ces informations nous permettent de compiler des donn\u00e9es agr\u00e9g\u00e9es sur le trafic et les interactions sur notre site Web afin d&#8217;am\u00e9liorer l&#8217;exp\u00e9rience et les outils sur notre site Web et de fournir des exp\u00e9riences de site Web personnalis\u00e9es \u00e0 nos utilisateurs.<\/p>\n<p>Pour plus d&#8217;informations, veuillez consulter notre Politique en mati\u00e8re de cookies L <a href=\"https:\/\/relectronic.ca\/politique-de-cookies\/\">https:\/\/relectronic.ca\/politique-de-cookies\/<\/a><\/p>\n<p>&nbsp;<\/td>\n<\/tr>\n<\/tbody>\n<\/table>\n<p>&nbsp;<\/p>\n<p>Veuillez noter que la collecte, l&#8217;utilisation et la divulgation des coordonn\u00e9es professionnelles peuvent \u00eatre soumises \u00e0 des exemptions en vertu des lois applicables.<\/p>\n<p>En outre, nous pouvons collecter et utiliser vos informations \u00e0 toute autre fin autoris\u00e9e ou requise par la loi.<\/p>\n<ol>\n<li><strong>Comment partageons-nous vos informations ?<\/strong><\/li>\n<\/ol>\n<p>Nous partageons vos informations avec des tiers si n\u00e9cessaire pour atteindre les objectifs identifi\u00e9s ci-dessus, y compris comme indiqu\u00e9 dans le tableau ci-dessous\u00a0:<\/p>\n<table>\n<thead>\n<tr>\n<td width=\"132\"><strong>Cat\u00e9gorie<\/strong><\/td>\n<td width=\"532\"><strong>Explications<\/strong><\/td>\n<\/tr>\n<\/thead>\n<tbody>\n<tr>\n<td width=\"132\">Fournisseurs de services<\/td>\n<td width=\"532\">Nous pouvons partager vos informations avec nos fournisseurs de services tiers autoris\u00e9s qui nous fournissent des services tels que l&#8217;h\u00e9bergement de sites Web, le stockage de donn\u00e9es et l&#8217;analyse.<\/td>\n<\/tr>\n<tr>\n<td width=\"132\">Conseillers professionnels<\/td>\n<td width=\"532\">Nous pouvons partager vos informations avec nos consultants juridiques, financiers, comptables ou autres dans la mesure n\u00e9cessaire pour exploiter notre entreprise et se conformer aux lois applicables.<\/td>\n<\/tr>\n<tr>\n<td width=\"132\">Autorit\u00e9s charg\u00e9es de l&#8217;application de la loi et autres autorit\u00e9s<\/td>\n<td width=\"532\">Nous pouvons recevoir des demandes d&#8217;acc\u00e8s \u00e0 vos informations par les autorit\u00e9s. Nous validerons que la demande est licite avant de r\u00e9pondre. Dans la mesure du possible, nous vous conseillerons. Nous ne partagerons que ce qui est strictement requis.<\/td>\n<\/tr>\n<tr>\n<td width=\"132\">Transactions commerciales<\/td>\n<td width=\"532\">Nous pouvons partager vos informations avec un acqu\u00e9reur, un successeur ou un cessionnaire dans le cadre de toute fusion, acquisition, financement par emprunt, vente d&#8217;actifs ou transaction similaire, ainsi qu&#8217;en cas d&#8217;insolvabilit\u00e9, de faillite ou de mise sous s\u00e9questre dans laquelle les informations sont transf\u00e9r\u00e9es \u00e0 un ou plusieurs tiers en tant que l&#8217;un de nos actifs commerciaux.<\/td>\n<\/tr>\n<\/tbody>\n<\/table>\n<p>&nbsp;<\/p>\n<ol>\n<li><strong>Comment transf\u00e9rons-nous vos informations ?<\/strong><\/li>\n<\/ol>\n<p>Vos informations peuvent \u00eatre conserv\u00e9es dans nos bureaux ou dans les bureaux de nos tiers autoris\u00e9s d\u00e9crits ci-dessus. Certains de ces tiers peuvent \u00eatre bas\u00e9s ou partager vos informations en dehors de votre r\u00e9gion. En nous soumettant des informations, vous consentez \u00e0 la communication de vos informations et au stockage de ces informations \u00e0 l&#8217;ext\u00e9rieur de votre r\u00e9gion. Bien que ces informations soient en dehors de votre r\u00e9gion, elles sont soumises aux lois de la juridiction dans laquelle elles sont d\u00e9tenues et peuvent \u00eatre divulgu\u00e9es aux gouvernements, aux tribunaux, aux forces de l&#8217;ordre ou aux organismes de r\u00e9glementation de ces autres juridictions conform\u00e9ment aux lois locales.<\/p>\n<p>Cependant, nos pratiques concernant vos informations continueront d&#8217;\u00eatre r\u00e9gies par cette politique de confidentialit\u00e9.\u00a0 En outre, le cas \u00e9ch\u00e9ant, nous nous conformons aux exigences l\u00e9gales fournissant une protection ad\u00e9quate pour le transfert d&#8217;informations vers d&#8217;autres r\u00e9gions.<\/p>\n<p>Si vous souhaitez plus d&#8217;informations sur la fa\u00e7on dont nous transf\u00e9rons vos informations, veuillez nous contacter comme indiqu\u00e9 dans la section ci-dessous \u00ab\u00a0Comment nous contacter\u00a0?\u00a0\u00bb<\/p>\n<ol>\n<li><strong>Comment s\u00e9curisons-nous et conservons-nous vos informations\u00a0?<\/strong><\/li>\n<\/ol>\n<p>Nous mettons en \u0153uvre des mesures de protection physiques, administratives et techniques con\u00e7ues pour pr\u00e9server la confidentialit\u00e9, l&#8217;int\u00e9grit\u00e9 et la s\u00e9curit\u00e9 des informations sous notre contr\u00f4le. Cependant, les informations transmises sur Internet et \/ou stock\u00e9es sur des syst\u00e8mes connect\u00e9s \u00e0 Internet ne sont pas s\u00e9curis\u00e9es \u00e0 100%, et aucune s\u00e9curit\u00e9 ne peut fournir une protection absolue. Par cons\u00e9quent, nous n&#8217;assurons, ne garantissons ni ne garantissons la s\u00e9curit\u00e9 ou l&#8217;int\u00e9grit\u00e9 de ces informations.<\/p>\n<p>Nous prenons des mesures pour nous assurer que seules les personnes qui ont besoin d&#8217;acc\u00e9der \u00e0 vos informations pour s&#8217;acquitter de leurs fonctions y ont acc\u00e8s.<\/p>\n<p>Nous ne conservons vos informations que le temps n\u00e9cessaire pour que nous ayons les objectifs pertinents sp\u00e9cifi\u00e9s dans la pr\u00e9sente politique et que nous nous conformions \u00e0 nos obligations l\u00e9gales.<\/p>\n<ol>\n<li><strong>Quels sont vos droits concernant vos informations\u00a0?<\/strong><\/li>\n<\/ol>\n<p>Dans certaines circonstances et sous r\u00e9serve des lois applicables en mati\u00e8re de protection des donn\u00e9es, appuy\u00e9es par une demande \u00e9crite et une preuve d&#8217;identification, vous pouvez consulter les informations personnelles que nous avons collect\u00e9es, utilis\u00e9es ou partag\u00e9es, et \/ ou demander qu&#8217;elles soient corrig\u00e9es, et \/ ou retirer votre consentement \u00e0 notre divulgation ou \u00e0 notre utilisation des informations personnelles collect\u00e9es.<\/p>\n<p>Tel que requis ou permis par la loi, vous pouvez avoir droit \u00e0 des droits suppl\u00e9mentaires, y compris\u00a0: (i) le droit de contr\u00f4ler la diffusion de vos informations personnelles\u00a0; (ii) le droit de recevoir des renseignements personnels informatis\u00e9s recueillis aupr\u00e8s de vous dans un format structur\u00e9, couramment utilis\u00e9 et technologique et de faire transf\u00e9rer ces renseignements directement \u00e0 une autre organisation\u00a0; iii) le droit d&#8217;\u00eatre inform\u00e9 et de pr\u00e9senter des observations concernant la prise de d\u00e9cision automatis\u00e9e\u00a0; et (iv) le droit de demander des informations sur le traitement des donn\u00e9es.<\/p>\n<p>Enfin, vous avez \u00e9galement le droit de d\u00e9poser une plainte aupr\u00e8s d&#8217;une autorit\u00e9 comp\u00e9tente en mati\u00e8re de protection des donn\u00e9es, en particulier dans la r\u00e9gion o\u00f9 vous r\u00e9sidez normalement, o\u00f9 nous sommes bas\u00e9s ou lorsqu&#8217;une violation pr\u00e9sum\u00e9e de la loi sur la protection des donn\u00e9es a eu lieu, comme le Commissariat \u00e0 la protection de la vie priv\u00e9e du Canada ou la <em>Commission d&#8217;acc\u00e8s \u00e0 l&#8217;information du Qu\u00e9bec<\/em>.<\/p>\n<p>Pour exercer l&#8217;un de ces droits, veuillez nous contacter comme indiqu\u00e9 dans la section ci-dessous \u00ab\u00a0Comment nous contacter\u00a0?\u00a0\u00bb<\/p>\n<ol>\n<li><strong>Vie priv\u00e9e des enfants<\/strong><\/li>\n<\/ol>\n<p>Nous ne recueillons pas sciemment d&#8217;informations personnelles aupr\u00e8s d&#8217;enfants de moins de 14 ans sur notre site Web. Si vous \u00eates le parent ou le tuteur l\u00e9gal d&#8217;un enfant de moins de 14 ans qui nous a fourni des informations personnelles, veuillez nous contacter comme indiqu\u00e9 dans la section ci-dessous \u00ab\u00a0Comment nous contacter\u00a0?\u00a0\u00bb pour nous demander de cesser d&#8217;utiliser ou de supprimer ces informations.<\/p>\n<ol>\n<li><strong>Comment se d\u00e9sabonner des communications marketing\u00a0?<\/strong><\/li>\n<\/ol>\n<p>Si, \u00e0 tout moment, vous souhaitez cesser de recevoir des communications marketing de notre part, nous incluons un m\u00e9canisme de d\u00e9sabonnement dans tous nos e-mails marketing ou vous pouvez nous contacter comme indiqu\u00e9 dans la section ci-dessous \u00ab\u00a0Comment nous contacter\u00a0?\u00a0\u00bb<\/p>\n<p>Veuillez garder \u00e0 l&#8217;esprit que, si vous choisissez de ne pas recevoir de communications marketing, vous continuerez \u00e0 recevoir des communications transactionnelles ou de compte li\u00e9es aux services que vous avez demand\u00e9s sur notre site Web.<\/p>\n<ol>\n<li><strong>Comment saurez-vous que cette politique de confidentialit\u00e9 a chang\u00e9\u00a0?<\/strong><\/li>\n<\/ol>\n<p>De temps \u00e0 autre, nous pouvons mettre \u00e0 jour cette politique de confidentialit\u00e9. Toute modification entrera en vigueur lorsque nous publierons la politique de confidentialit\u00e9 r\u00e9vis\u00e9e. Cette politique de confidentialit\u00e9 a \u00e9t\u00e9 mise \u00e0 jour pour la derni\u00e8re fois \u00e0 la date d&#8217;entr\u00e9e en vigueur indiqu\u00e9e en haut du document. Sous r\u00e9serve des lois applicables, nous vous informerons de toute modification apport\u00e9e \u00e0 cette politique de confidentialit\u00e9.<\/p>\n<ol>\n<li><strong>Comment nous contacter?<\/strong><\/li>\n<\/ol>\n<p>Si vous avez des questions, des demandes ou des plaintes concernant vos renseignements ou la pr\u00e9sente politique de confidentialit\u00e9, veuillez communiquer avec notre agent de la protection de la vie priv\u00e9e \u00e0 l&#8217;adresse suivante :<\/p>\n<p>Responsable de la protection de la confidentialit\u00e9<\/p>\n<p>Relectronic-Remech Inc.<\/p>\n<p><a href=\"mailto:privacy@relectronic.com\">privacy@relectronic.com<\/a><\/p>\n<p>785, rue Bridge, Ouest<\/p>\n<p>Waterloo (Ontario) N2V 2K1<\/p>\n<p>Canada<\/p>\n","protected":false},"excerpt":{"rendered":"<p>POLITIQUE DE CONFIDENTIALIT\u00c9 DU SITE WEB &nbsp; Derni\u00e9re mise \u00e0 jour : Janvier 2024 Chez Relectronic-Remech Inc. (\u00ab Relectronic-Remech \u00bb, \u00ab nous \u00bb, \u00ab notre \u00bb ou \u00ab nos \u00bb), nous voulons que vous compreniez quels renseignements personnels nous recueillons, et comment nous les utilisons et les partageons. C&#8217;est pourquoi nous vous encourageons \u00e0 lire [&hellip;]<\/p>\n","protected":false},"author":3,"featured_media":0,"parent":0,"menu_order":0,"comment_status":"closed","ping_status":"closed","template":"","meta":{"_acf_changed":false,"inline_featured_image":false,"footnotes":""},"acf":[],"yoast_head":"<!-- This site is optimized with the Yoast SEO plugin v24.5 - https:\/\/yoast.com\/wordpress\/plugins\/seo\/ -->\n<title>WEBSITE PRIVACY POLICY - Relectronic<\/title>\n<meta name=\"robots\" content=\"index, follow, max-snippet:-1, max-image-preview:large, max-video-preview:-1\" \/>\n<link rel=\"canonical\" href=\"https:\/\/relectronic-remech.com\/en\/privacy-policy\/\" \/>\n<meta property=\"og:locale\" content=\"en_US\" \/>\n<meta property=\"og:type\" content=\"article\" \/>\n<meta property=\"og:title\" content=\"WEBSITE PRIVACY POLICY - Relectronic\" \/>\n<meta property=\"og:description\" content=\"POLITIQUE DE CONFIDENTIALIT\u00c9 DU SITE WEB &nbsp; Derni\u00e9re mise \u00e0 jour : Janvier 2024 Chez Relectronic-Remech Inc. (\u00ab Relectronic-Remech \u00bb, \u00ab nous \u00bb, \u00ab notre \u00bb ou \u00ab nos \u00bb), nous voulons que vous compreniez quels renseignements personnels nous recueillons, et comment nous les utilisons et les partageons. C&#8217;est pourquoi nous vous encourageons \u00e0 lire [&hellip;]\" \/>\n<meta property=\"og:url\" content=\"https:\/\/relectronic-remech.com\/en\/privacy-policy\/\" \/>\n<meta property=\"og:site_name\" content=\"Relectronic\" \/>\n<meta property=\"article:modified_time\" content=\"2024-05-09T15:25:07+00:00\" \/>\n<meta name=\"twitter:card\" content=\"summary_large_image\" \/>\n<meta name=\"twitter:label1\" content=\"Est. reading time\" \/>\n\t<meta name=\"twitter:data1\" content=\"8 minutes\" \/>\n<script type=\"application\/ld+json\" class=\"yoast-schema-graph\">{\"@context\":\"https:\/\/schema.org\",\"@graph\":[{\"@type\":\"WebPage\",\"@id\":\"https:\/\/relectronic-remech.com\/en\/privacy-policy\/\",\"url\":\"https:\/\/relectronic-remech.com\/en\/privacy-policy\/\",\"name\":\"WEBSITE PRIVACY POLICY - Relectronic\",\"isPartOf\":{\"@id\":\"https:\/\/relectronic-remech.com\/#website\"},\"datePublished\":\"2024-05-06T12:31:00+00:00\",\"dateModified\":\"2024-05-09T15:25:07+00:00\",\"breadcrumb\":{\"@id\":\"https:\/\/relectronic-remech.com\/en\/privacy-policy\/#breadcrumb\"},\"inLanguage\":\"en-US\",\"potentialAction\":[{\"@type\":\"ReadAction\",\"target\":[\"https:\/\/relectronic-remech.com\/en\/privacy-policy\/\"]}]},{\"@type\":\"BreadcrumbList\",\"@id\":\"https:\/\/relectronic-remech.com\/en\/privacy-policy\/#breadcrumb\",\"itemListElement\":[{\"@type\":\"ListItem\",\"position\":1,\"name\":\"Accueil\",\"item\":\"https:\/\/relectronic-remech.com\/en\/\"},{\"@type\":\"ListItem\",\"position\":2,\"name\":\"WEBSITE PRIVACY POLICY\"}]},{\"@type\":\"WebSite\",\"@id\":\"https:\/\/relectronic-remech.com\/#website\",\"url\":\"https:\/\/relectronic-remech.com\/\",\"name\":\"Relectronic\",\"description\":\"Juste un autre site WordPress\",\"publisher\":{\"@id\":\"https:\/\/relectronic-remech.com\/#organization\"},\"potentialAction\":[{\"@type\":\"SearchAction\",\"target\":{\"@type\":\"EntryPoint\",\"urlTemplate\":\"https:\/\/relectronic-remech.com\/?s={search_term_string}\"},\"query-input\":{\"@type\":\"PropertyValueSpecification\",\"valueRequired\":true,\"valueName\":\"search_term_string\"}}],\"inLanguage\":\"en-US\"},{\"@type\":\"Organization\",\"@id\":\"https:\/\/relectronic-remech.com\/#organization\",\"name\":\"Relectronic\",\"url\":\"https:\/\/relectronic-remech.com\/\",\"logo\":{\"@type\":\"ImageObject\",\"inLanguage\":\"en-US\",\"@id\":\"https:\/\/relectronic-remech.com\/#\/schema\/logo\/image\/\",\"url\":\"https:\/\/relectronic.ca\/wp-content\/uploads\/2023\/09\/relectronic-logo-script-eng2-2.png\",\"contentUrl\":\"https:\/\/relectronic.ca\/wp-content\/uploads\/2023\/09\/relectronic-logo-script-eng2-2.png\",\"width\":364,\"height\":69,\"caption\":\"Relectronic\"},\"image\":{\"@id\":\"https:\/\/relectronic-remech.com\/#\/schema\/logo\/image\/\"}}]}<\/script>\n<!-- \/ Yoast SEO plugin. -->","yoast_head_json":{"title":"WEBSITE PRIVACY POLICY - Relectronic","robots":{"index":"index","follow":"follow","max-snippet":"max-snippet:-1","max-image-preview":"max-image-preview:large","max-video-preview":"max-video-preview:-1"},"canonical":"https:\/\/relectronic-remech.com\/en\/privacy-policy\/","og_locale":"en_US","og_type":"article","og_title":"WEBSITE PRIVACY POLICY - Relectronic","og_description":"POLITIQUE DE CONFIDENTIALIT\u00c9 DU SITE WEB &nbsp; Derni\u00e9re mise \u00e0 jour : Janvier 2024 Chez Relectronic-Remech Inc. (\u00ab Relectronic-Remech \u00bb, \u00ab nous \u00bb, \u00ab notre \u00bb ou \u00ab nos \u00bb), nous voulons que vous compreniez quels renseignements personnels nous recueillons, et comment nous les utilisons et les partageons. C&#8217;est pourquoi nous vous encourageons \u00e0 lire [&hellip;]","og_url":"https:\/\/relectronic-remech.com\/en\/privacy-policy\/","og_site_name":"Relectronic","article_modified_time":"2024-05-09T15:25:07+00:00","twitter_card":"summary_large_image","twitter_misc":{"Est. reading time":"8 minutes"},"schema":{"@context":"https:\/\/schema.org","@graph":[{"@type":"WebPage","@id":"https:\/\/relectronic-remech.com\/en\/privacy-policy\/","url":"https:\/\/relectronic-remech.com\/en\/privacy-policy\/","name":"WEBSITE PRIVACY POLICY - Relectronic","isPartOf":{"@id":"https:\/\/relectronic-remech.com\/#website"},"datePublished":"2024-05-06T12:31:00+00:00","dateModified":"2024-05-09T15:25:07+00:00","breadcrumb":{"@id":"https:\/\/relectronic-remech.com\/en\/privacy-policy\/#breadcrumb"},"inLanguage":"en-US","potentialAction":[{"@type":"ReadAction","target":["https:\/\/relectronic-remech.com\/en\/privacy-policy\/"]}]},{"@type":"BreadcrumbList","@id":"https:\/\/relectronic-remech.com\/en\/privacy-policy\/#breadcrumb","itemListElement":[{"@type":"ListItem","position":1,"name":"Accueil","item":"https:\/\/relectronic-remech.com\/en\/"},{"@type":"ListItem","position":2,"name":"WEBSITE PRIVACY POLICY"}]},{"@type":"WebSite","@id":"https:\/\/relectronic-remech.com\/#website","url":"https:\/\/relectronic-remech.com\/","name":"Relectronic","description":"Juste un autre site WordPress","publisher":{"@id":"https:\/\/relectronic-remech.com\/#organization"},"potentialAction":[{"@type":"SearchAction","target":{"@type":"EntryPoint","urlTemplate":"https:\/\/relectronic-remech.com\/?s={search_term_string}"},"query-input":{"@type":"PropertyValueSpecification","valueRequired":true,"valueName":"search_term_string"}}],"inLanguage":"en-US"},{"@type":"Organization","@id":"https:\/\/relectronic-remech.com\/#organization","name":"Relectronic","url":"https:\/\/relectronic-remech.com\/","logo":{"@type":"ImageObject","inLanguage":"en-US","@id":"https:\/\/relectronic-remech.com\/#\/schema\/logo\/image\/","url":"https:\/\/relectronic.ca\/wp-content\/uploads\/2023\/09\/relectronic-logo-script-eng2-2.png","contentUrl":"https:\/\/relectronic.ca\/wp-content\/uploads\/2023\/09\/relectronic-logo-script-eng2-2.png","width":364,"height":69,"caption":"Relectronic"},"image":{"@id":"https:\/\/relectronic-remech.com\/#\/schema\/logo\/image\/"}}]}},"_links":{"self":[{"href":"https:\/\/relectronic-remech.com\/en\/wp-json\/wp\/v2\/pages\/1208"}],"collection":[{"href":"https:\/\/relectronic-remech.com\/en\/wp-json\/wp\/v2\/pages"}],"about":[{"href":"https:\/\/relectronic-remech.com\/en\/wp-json\/wp\/v2\/types\/page"}],"author":[{"embeddable":true,"href":"https:\/\/relectronic-remech.com\/en\/wp-json\/wp\/v2\/users\/3"}],"replies":[{"embeddable":true,"href":"https:\/\/relectronic-remech.com\/en\/wp-json\/wp\/v2\/comments?post=1208"}],"version-history":[{"count":16,"href":"https:\/\/relectronic-remech.com\/en\/wp-json\/wp\/v2\/pages\/1208\/revisions"}],"predecessor-version":[{"id":1645,"href":"https:\/\/relectronic-remech.com\/en\/wp-json\/wp\/v2\/pages\/1208\/revisions\/1645"}],"wp:attachment":[{"href":"https:\/\/relectronic-remech.com\/en\/wp-json\/wp\/v2\/media?parent=1208"}],"curies":[{"name":"wp","href":"https:\/\/api.w.org\/{rel}","templated":true}]}}